{"id":17,"date":"2012-04-04T15:00:58","date_gmt":"2012-04-04T14:00:58","guid":{"rendered":"http:\/\/ymer.haalmi.com\/?page_id=17"},"modified":"2017-02-10T18:40:47","modified_gmt":"2017-02-10T17:40:47","slug":"medarbetare","status":"publish","type":"page","link":"https:\/\/www.ingby.com\/?page_id=17","title":{"rendered":"Medarbetare"},"content":{"rendered":"<p>Dagens h\u00f6ga f\u00f6r\u00e4ndringstakt och h\u00e5rda konkurrens st\u00e4ller h\u00f6ga krav p\u00e5 verksamheter att f\u00f6lja med och snabbt m\u00f6ta krav i f\u00f6r\u00e4ndring. Vi p\u00e5 Ingenj\u00f6rsbyn hj\u00e4lper f\u00f6retag att anv\u00e4nda modern teknologi, verktyg och metoder f\u00f6r att p\u00e5 ett pragmatiskt s\u00e4tt hantera behovet av flexibilitet och f\u00f6r\u00e4ndring.\u00a0 Vi tror p\u00e5 80-20 regeln, g\u00f6r det jobb som ger mest aff\u00e4rsnytta f\u00f6rst.<\/p>\n<p>Vi vet att detta g\u00f6rs b\u00e4st genom att erbjuda h\u00f6gkvalitativ kompetens. S\u00e5dan kompetens som man erh\u00e5ller genom l\u00e5ng erfarenhet, vilket alla konsulter p\u00e5 Ingby har.<br \/>\nV\u00e5r erfarenhet \u00e4r unik d\u00e4rf\u00f6r att den str\u00e4cker sig fr\u00e5n ren programmering, design, arkitektur och analys till ledning av utvecklingsorganisationer. Vi har arbetat med hela utvecklingsprocessen som innefattar allt fr\u00e5n den tidiga kreativa processen av initial design, konstruktion, test till f\u00f6rvaltning och support.<\/p>\n<p>Vi tycker om ordet &#8221;pragmatisk&#8221;, det \u00e4r viktigt att komma ig\u00e5ng. Vi gillar till exempel att arbeta med \u00f6ppen k\u00e4llkod f\u00f6r att hitta verktyg och st\u00f6dsystem.\u00a0 Kommersiella alternativ \u00e4r inte ett problem, m\u00e5let \u00e4r att hitta kostnadseffektiv hj\u00e4lp till sin utvecklingsprocess.<\/p>\n<p>En ofta bortgl\u00f6md faktor i projekt \u00e4r st\u00e4mning och personkemi. Vi p\u00e5 Ingby str\u00e4var efter att hitta r\u00e4tt sammans\u00e4ttning av teamet och skapa f\u00f6ruts\u00e4ttningar f\u00f6r maximal produktivitet.<\/p>\n<p><strong>Klicka p\u00e5 respektive namn f\u00f6r att se CV f\u00f6r v\u00e5ra konsulter<\/strong><br \/>\n<a title=\"CV Anders H\u00e5\u00e5l\" href=\"http:\/\/www.ingby.com\/?page_id=33\">Anders H\u00e5\u00e5l<\/a><br \/>\n<a title=\"CV Christer Barreholm\" href=\"http:\/\/www.ingby.com\/?page_id=38\">Christer Barreholm (f.d. Holm\u00e9r)<\/a> &#8211; <a title=\"CV Christer Barreholm\" href=\"http:\/\/www.ingby.com\/wp-content\/uploads\/2015\/09\/Ingby_CV_Christer_Barreholm_Sve.pdf\">PDF<\/a><br \/>\nChrister S\u00f6derberg<br \/>\n<a title=\"CV Peter Monthan\" href=\"http:\/\/www.ingby.com\/?page_id=23\">Peter Monthan<\/a> &#8211; <a title=\"CV Peter Monthan\" href=\"http:\/\/www.ingby.com\/wp-content\/uploads\/2012\/04\/CV_Peter_Monthan.pdf\">PDF<\/a><\/p>\n","protected":false},"excerpt":{"rendered":"<p>Dagens h\u00f6ga f\u00f6r\u00e4ndringstakt och h\u00e5rda konkurrens st\u00e4ller h\u00f6ga krav p\u00e5 verksamheter att f\u00f6lja med och snabbt m\u00f6ta krav i f\u00f6r\u00e4ndring. Vi p\u00e5 Ingenj\u00f6rsbyn hj\u00e4lper f\u00f6retag att anv\u00e4nda modern teknologi, verktyg och metoder f\u00f6r att p\u00e5 ett pragmatiskt s\u00e4tt hantera behovet av flexibilitet och f\u00f6r\u00e4ndring.\u00a0 Vi tror p\u00e5 80-20 regeln, g\u00f6r det jobb som ger mest &hellip; <a href=\"https:\/\/www.ingby.com\/?page_id=17\" class=\"more-link\">Forts\u00e4tt l\u00e4sa <span class=\"screen-reader-text\">Medarbetare<\/span> <span class=\"meta-nav\">&rarr;<\/span><\/a><\/p>\n","protected":false},"author":3,"featured_media":0,"parent":0,"menu_order":0,"comment_status":"open","ping_status":"open","template":"","meta":[],"_links":{"self":[{"href":"https:\/\/www.ingby.com\/index.php?rest_route=\/wp\/v2\/pages\/17"}],"collection":[{"href":"https:\/\/www.ingby.com\/index.php?rest_route=\/wp\/v2\/pages"}],"about":[{"href":"https:\/\/www.ingby.com\/index.php?rest_route=\/wp\/v2\/types\/page"}],"author":[{"embeddable":true,"href":"https:\/\/www.ingby.com\/index.php?rest_route=\/wp\/v2\/users\/3"}],"replies":[{"embeddable":true,"href":"https:\/\/www.ingby.com\/index.php?rest_route=%2Fwp%2Fv2%2Fcomments&post=17"}],"version-history":[{"count":19,"href":"https:\/\/www.ingby.com\/index.php?rest_route=\/wp\/v2\/pages\/17\/revisions"}],"predecessor-version":[{"id":285,"href":"https:\/\/www.ingby.com\/index.php?rest_route=\/wp\/v2\/pages\/17\/revisions\/285"}],"wp:attachment":[{"href":"https:\/\/www.ingby.com\/index.php?rest_route=%2Fwp%2Fv2%2Fmedia&parent=17"}],"curies":[{"name":"wp","href":"https:\/\/api.w.org\/{rel}","templated":true}]}}