{"id":23,"date":"2012-04-04T15:04:21","date_gmt":"2012-04-04T14:04:21","guid":{"rendered":"http:\/\/ymer.haalmi.com\/?page_id=23"},"modified":"2012-04-20T10:35:44","modified_gmt":"2012-04-20T09:35:44","slug":"cv-peter-monthan","status":"publish","type":"page","link":"https:\/\/www.ingby.com\/?page_id=23","title":{"rendered":"CV Peter Monthan"},"content":{"rendered":"<h3>Peter Monthan, Civilingenj\u00f6r, Datateknik<\/h3>\n<p>Peter har en l\u00e5ng erfarenhet fr\u00e5n IS\/IT-industrin och s\u00e4rskilt av mjukvaruutveckling. Peter b\u00f6rjade som systemutvecklare 1992 och har sedan dess arbetat i olika positioner med i samband med mjukvaruutveckling och innehaft olika roller som systemarkitekt, IT-konsult, tekniskt s\u00e4ljst\u00f6d, teknisk skribent, utvecklingschef och konsultchef.<\/p>\n<p><a href=\"http:\/\/www.ingby.com\/wp-content\/uploads\/2012\/04\/CV_Peter_Monthan.pdf\">CV (PDF)<\/a><\/p>\n<h3>Peter Monthan, MSc Computer Science &amp; Engineering<\/h3>\n<p>Peter has a broad experience from the IS\/IT industry with a focus on system development. Peter started as a system developer in 1992 and has since held various positions such as system architect, IT consultant, technical pre-sales consultant, director of development and consultants\u2019 manager.<\/p>\n<div><\/div>\n<div><\/div>\n<p>&nbsp;<\/p>\n","protected":false},"excerpt":{"rendered":"<p>Peter Monthan, Civilingenj\u00f6r, Datateknik Peter har en l\u00e5ng erfarenhet fr\u00e5n IS\/IT-industrin och s\u00e4rskilt av mjukvaruutveckling. Peter b\u00f6rjade som systemutvecklare 1992 och har sedan dess arbetat i olika positioner med i samband med mjukvaruutveckling och innehaft olika roller som systemarkitekt, IT-konsult, tekniskt s\u00e4ljst\u00f6d, teknisk skribent, utvecklingschef och konsultchef. CV (PDF) Peter Monthan, MSc Computer Science &amp; &hellip; <a href=\"https:\/\/www.ingby.com\/?page_id=23\" class=\"more-link\">Forts\u00e4tt l\u00e4sa <span class=\"screen-reader-text\">CV Peter Monthan<\/span> <span class=\"meta-nav\">&rarr;<\/span><\/a><\/p>\n","protected":false},"author":3,"featured_media":0,"parent":17,"menu_order":0,"comment_status":"open","ping_status":"closed","template":"","meta":[],"_links":{"self":[{"href":"https:\/\/www.ingby.com\/index.php?rest_route=\/wp\/v2\/pages\/23"}],"collection":[{"href":"https:\/\/www.ingby.com\/index.php?rest_route=\/wp\/v2\/pages"}],"about":[{"href":"https:\/\/www.ingby.com\/index.php?rest_route=\/wp\/v2\/types\/page"}],"author":[{"embeddable":true,"href":"https:\/\/www.ingby.com\/index.php?rest_route=\/wp\/v2\/users\/3"}],"replies":[{"embeddable":true,"href":"https:\/\/www.ingby.com\/index.php?rest_route=%2Fwp%2Fv2%2Fcomments&post=23"}],"version-history":[{"count":15,"href":"https:\/\/www.ingby.com\/index.php?rest_route=\/wp\/v2\/pages\/23\/revisions"}],"predecessor-version":[{"id":31,"href":"https:\/\/www.ingby.com\/index.php?rest_route=\/wp\/v2\/pages\/23\/revisions\/31"}],"up":[{"embeddable":true,"href":"https:\/\/www.ingby.com\/index.php?rest_route=\/wp\/v2\/pages\/17"}],"wp:attachment":[{"href":"https:\/\/www.ingby.com\/index.php?rest_route=%2Fwp%2Fv2%2Fmedia&parent=23"}],"curies":[{"name":"wp","href":"https:\/\/api.w.org\/{rel}","templated":true}]}}