{"id":33,"date":"2012-04-04T15:12:43","date_gmt":"2012-04-04T14:12:43","guid":{"rendered":"http:\/\/ymer.haalmi.com\/?page_id=33"},"modified":"2013-07-31T16:10:39","modified_gmt":"2013-07-31T15:10:39","slug":"cv-anders-haal","status":"publish","type":"page","link":"https:\/\/www.ingby.com\/?page_id=33","title":{"rendered":"CV Anders H\u00e5\u00e5l"},"content":{"rendered":"<p>&nbsp;<\/p>\n<h3><span style=\"font-size: medium;\" data-mce-mark=\"1\"><span style=\"font-size: medium;\" data-mce-mark=\"1\"><span style=\"font-size: medium;\" data-mce-mark=\"1\">Anders H\u00e5\u00e5l<\/span><\/span><\/span><\/h3>\n<h3><span style=\"font-size: medium;\" data-mce-mark=\"1\">Seniorkonsult och partner<\/span><\/h3>\n<h3><span style=\"font-size: medium;\" data-mce-mark=\"1\">Civilingenj\u00f6r, Elektroteknik<\/span><\/h3>\n<p>Anders H\u00e5\u00e5l har arbetat i IT-branschen sedan 1987 i ett stort antal olika roller. Till exempel som utvecklare, s\u00e4ljst\u00f6d, konsult, konsultchef, CTO, etc. Han har mycket djup teknisk kunskap om operativsystem, n\u00e4tverk, utveckling av server-programvara och IT-arkitekturer. Anders har ocks\u00e5 den unika och efters\u00f6kta f\u00f6rm\u00e5gan att b\u00e5de kunna hantera djupt tekniska fr\u00e5gest\u00e4llningar som mer aff\u00e4rsm\u00e4ssiga ledningsfr\u00e5gor. Detta g\u00f6r att Anders ofta \u00e4r en mycket uppskattad konsult i lednings- och aff\u00e4rsutvecklingsfr\u00e5gor.<\/p>\n<h3>Anst\u00e4llningar<\/h3>\n<ul>\n<li>2003 \u2013 Ingenj\u00f6rsbyn AB, Seniorkonsult och grundare<\/li>\n<li>1999 \u2013 2003 Corus Technologies AB, CTO och grundare<\/li>\n<li>1994 \u2013 1999 H\u00e5\u00e5l &amp; Junge AB, Seniorkonsult och grundare<\/li>\n<li>1991 \u2013 1994 Sequent Computer AB, Teknikansvarig<\/li>\n<li>1987 \u2013 1991 Data General AB, Systemutvecklare<\/li>\n<li>1986 \u2013 1987 DIAB Data AB, Systemutvecklare<\/li>\n<\/ul>\n<h3>Utbildning<\/h3>\n<ul>\n<li>Civilingenj\u00f6rsexamen i Elektroteknik, KTH, Stockholm, 1987<\/li>\n<\/ul>\n<h3>Certifieringar<\/h3>\n<ul>\n<li>Certifierad Scrum Master, 2008<\/li>\n<\/ul>\n<h3>Branscherfarenhet<\/h3>\n<ul>\n<li>Telekom<\/li>\n<li>Hosting\/Outsourcing<\/li>\n<li>Energisektorn<\/li>\n<li>Logistik och transport<\/li>\n<li>Produkt och mjukvaruutveckling<\/li>\n<\/ul>\n<h3>Kunskapsomr\u00e5den och roller<\/h3>\n<ul>\n<li>Systemarkitektur och design<\/li>\n<li>Prestandatest\u00a0\u2013 metodik och utveckling<\/li>\n<li>Ledning av mjukvaruutveckling<\/li>\n<li>System- och applikations\u00f6vervakning<\/li>\n<li>Projektledning<\/li>\n<li>Due-diligence<\/li>\n<\/ul>\n<h3>Projektmetodik<\/h3>\n<ul>\n<li>Scrum<\/li>\n<\/ul>\n<h3>Programmeringsspr\u00e5k<\/h3>\n<ul>\n<li>Java<\/li>\n<li>C<\/li>\n<li>Shell script<\/li>\n<\/ul>\n<h3>Databaser och serverteknologier<\/h3>\n<ul>\n<li>Oracle och Oracle RAC<\/li>\n<li>MySQL<\/li>\n<li>Postgresql och Slony<\/li>\n<li>J2EE, JMS, JMX<\/li>\n<li>Java Play Framwork<\/li>\n<li>Tomcat<\/li>\n<li>Hibernate<\/li>\n<\/ul>\n<h3>Utvecklingsverktyg<\/h3>\n<ul>\n<li>Gforge<\/li>\n<li>Subversion och CVS<\/li>\n<li>Cruise Control<\/li>\n<li>Bugzilla<\/li>\n<\/ul>\n<h3>System\u00f6vervakning<\/h3>\n<ul>\n<li>Nagios<\/li>\n<li>OP5\/Monitor<\/li>\n<li>Socbox<\/li>\n<li>bischeck<\/li>\n<\/ul>\n<h3>Operativsystem<\/h3>\n<ul>\n<li>UNIX (HP-UX, Solaris, Dynix\/PTX)<\/li>\n<li>Linux &#8211; Redhat, Fedora, SUSE, CentOS,<\/li>\n<li>Xen, KVM<\/li>\n<li>VirtualBox<\/li>\n<\/ul>\n<h3>Open source projekt i egen regi<\/h3>\n<ul>\n<li>bischeck &#8211; A Business actitivty monitoring server, f\u00f6r \u00f6vervakning av aff\u00e4rsapplikationer och aff\u00e4rsprocesser. Bischeck fungera med Nagios eller andra Nagios liknande \u00f6vervaknings system, <a href=\"http:\/\/gforge.ingby.com\/gf\/project\/bischeck\/\">http:\/\/gforge.ingby.com\/gf\/project\/bischeck<\/a>.<\/li>\n<li>socbox &#8211; Service Operation Center Box &#8211; \u201dout of the box\u201d paketering av nagios och nagios relaterade applikationer, <span style=\"font-size: medium;\" data-mce-mark=\"1\"><span style=\"font-size: medium;\" data-mce-mark=\"1\"><a href=\"http:\/\/gforge.ingby.com\/gf\/project\/socbox\/\">http:\/\/gforge.ingby.com\/gf\/project\/socbox.<\/a><\/span><\/span><\/li>\n<\/ul>\n<p>&nbsp;<\/p>\n<h3>Patent<\/h3>\n<hgroup>\n<h4><a href=\"http:\/\/www.linkedin.com\/redir\/redirect?url=http%3A%2F%2Fpatft%2Euspto%2Egov%2Fnetacgi%2Fnph-Parser%3FSect1%3DPTO1%26Sect2%3DHITOFF%26d%3DPALL%26p%3D1%26u%3D%252Fnetahtml%252FPTO%252Fsrchnum%2Ehtm%26r%3D1%26f%3DG%26l%3D50%26s1%3D6449644%2EPN%2E%26OS%3DPN%2F6449644%26RS%3DPN%2F6449644&amp;urlhash=MWYi&amp;trk=prof-patent-title-link\" target=\"_blank\">Method and a device for integrating an arrangement of a number of computerized client systems<\/a><\/h4>\n<h5>United States 6449644,\u00a0Issued\u00a0September 10, 2002<\/h5>\n<\/hgroup>\n<hgroup>\n<h4><a href=\"http:\/\/www.linkedin.com\/redir\/redirect?url=http%3A%2F%2Fpatft%2Euspto%2Egov%2Fnetacgi%2Fnph-Parser%3FSect1%3DPTO1%26Sect2%3DHITOFF%26d%3DPALL%26p%3D1%26u%3D%252Fnetahtml%252FPTO%252Fsrchnum%2Ehtm%26r%3D1%26f%3DG%26l%3D50%26s1%3D6237041%2EPN%2E%26OS%3DPN%2F6237041%26RS%3DPN%2F6237041&amp;urlhash=893Y&amp;trk=prof-patent-title-link\" target=\"_blank\">System using integrating server for transforming message from one system-specific native format to another system specific format according to description of client computers<\/a><\/h4>\n<h5>United States 6237041,\u00a0Issued\u00a0May 22, 2001<\/h5>\n<\/hgroup>\n<h3>Spr\u00e5k<\/h3>\n<ul>\n<li>Svenska, modersm\u00e5l<\/li>\n<li>Obehindrad engelska i tal och skrift<\/li>\n<\/ul>\n<h1><span style=\"font-size: medium;\" data-mce-mark=\"1\">Projekturval<\/span><\/h1>\n<table width=\"614\" cellspacing=\"0\" cellpadding=\"5\">\n<colgroup>\n<col width=\"80\" \/>\n<col width=\"514\" \/> <\/colgroup>\n<tbody>\n<tr valign=\"TOP\">\n<td width=\"80\"><strong>Tidsperiod<\/strong><\/td>\n<td width=\"514\"><strong>Projekt<\/strong><\/td>\n<\/tr>\n<tr valign=\"TOP\">\n<td width=\"80\"><strong>2012<\/strong><\/td>\n<td width=\"514\"><strong>Arkitektur- och kodrevision av Java baserat handl\u00e4ggarsystem f\u00f6r svensk bank.<\/strong><\/td>\n<\/tr>\n<tr valign=\"TOP\">\n<td width=\"80\"><strong>2012<\/strong><\/td>\n<td width=\"514\"><strong>Projektledare\u00a0IT revision f\u00f6r ett av Sveriges st\u00f6rre finansbolag.\u00a0<\/strong>Uppdragets syfte vara att f\u00f6rbereda IT organisationen f\u00f6r revision fr\u00e5n den tyska finansinspektionen.<\/td>\n<\/tr>\n<tr valign=\"TOP\">\n<td width=\"80\"><strong>2011-12<\/strong><\/td>\n<td width=\"514\"><strong>Projektledare f\u00f6r uppbyggnad av nytt outsourcing koncept<\/strong> f\u00f6r en av Sveriges st\u00f6rsta IT infrastruktur leverant\u00f6rer. Projektet inkluderade all delar fr\u00e5n teknisk plattform till tj\u00e4nsterbjudande.<\/td>\n<\/tr>\n<tr valign=\"TOP\">\n<td width=\"80\"><strong>2010<\/strong><\/td>\n<td width=\"514\"><strong>Utveckling och i<\/strong><strong>nf\u00f6rande av aff\u00e4rs\u00f6vervakning<\/strong><strong>ssystem f\u00f6r DHL<\/strong><strong>s<\/strong> hela\u00a0transportprocess. Systemet baseras p\u00e5 bischeck och Nagios.<\/td>\n<\/tr>\n<tr valign=\"TOP\">\n<td width=\"80\"><strong>2010<\/strong><\/td>\n<td width=\"514\"><strong>Arkitekt f\u00f6r utvecklingsprojekt<\/strong> av en bilfinansieringskonfigurator f\u00f6r en av Sveriges st\u00f6rsta finansbolag.<\/td>\n<\/tr>\n<tr valign=\"TOP\">\n<td width=\"80\"><strong>2009<\/strong><\/td>\n<td width=\"514\"><strong>Teknisk projektledare f\u00f6r inf\u00f6rande av nytt transport och speditions system <\/strong>f\u00f6r den svenska verksamheten f\u00f6r ett av Europas st\u00f6rsta transport f\u00f6retag. L\u00f6sningen st\u00e4llde h\u00f6ga krav p\u00e5 tillg\u00e4nglighet och integration med ett mycket stort antal interna och externa system. Inom uppdraget som teknisk projektledare ingick ansvar som integration, prestandatester, utveckling av supportmodell, arbetsplatser, n\u00e4tverksdimensionering, utbildning, arbetsplatser, drifts\u00e4ttning, etc.<\/td>\n<\/tr>\n<tr valign=\"TOP\">\n<td width=\"80\"><strong>2009<\/strong><\/td>\n<td width=\"514\"><strong>Projektledning och utveckling av \u201ddisaster recovery\u201d l\u00f6sning f\u00f6r DHLs Sveriges Oracle RAC <\/strong>plattform med Oracle DataGuard. Uppdraget inkluderade risk- och \u201dbusiness case\u201d analys f\u00f6r investeringen.<\/td>\n<\/tr>\n<tr valign=\"TOP\">\n<td width=\"80\"><strong>2008-09<\/strong><\/td>\n<td width=\"514\"><strong>Tekniskprojektledare f\u00f6r utveckling av en helt ny web baserat system f\u00f6r f\u00f6retaget Second-Opinion. <\/strong>Sajtens ide \u00e4r att erbjuda kunder och privatpersoner m\u00f6jlighet att kommentera och korrigera nyheter som publicerats i media. Systemet \u00e4r byggt p\u00e5 Drupal med anpassade utveckling i PHP. Lansering enligt tidplan den 2 mars 2009.<\/td>\n<\/tr>\n<tr valign=\"TOP\">\n<td width=\"80\"><strong>2008<\/strong><\/td>\n<td width=\"514\"><strong>Squace Mobile Plattform<\/strong> \u2013 Arkitekt f\u00f6r utvecklingen av den serverbaserade mjukvaran f\u00f6r Squace plattform f\u00f6r enklare navigering och hantering av websidor i mobiltelefoner. \u00c4ven ansvar f\u00f6r utvecklingsprocessen och support- och st\u00f6dsystem t.ex. verktygen f\u00f6r att skapa releaser, k\u00e4llkodshantering, intern wiki med mera. Systemet utvecklas bla i Java, Hibernate, J2ME, Postgresql.<\/td>\n<\/tr>\n<tr valign=\"TOP\">\n<td width=\"80\"><strong>2008-09<\/strong><\/td>\n<td width=\"514\"><strong>Trafikkontoret, Stockholms Stad<\/strong> \u2013 Genomlysning och planering av inf\u00f6rande av den nya databasplattformen Oracle10 RAC. Sedan projektledare f\u00f6r migrationsarbetet att flytta alla Trafikkontorets existerande Oracle databaser och klienter till den nya plattformen. Efter planerings- och f\u00f6rberedelsearbete genomf\u00f6rdes migrationen av 8 databaser och ca 50 applikationer i tre faser under 3 veckor. Uppdraget inkluderade \u00e4ven utveckling av en katastrofl\u00f6sning f\u00f6r Oracle driften mellan tv\u00e5 separerade drifthallar.<\/td>\n<\/tr>\n<tr valign=\"TOP\">\n<td width=\"80\"><strong>2007<\/strong><\/td>\n<td width=\"514\"><strong>Prestandatester och analyser<\/strong>\u2013 Ett flertal uppdrag som innebar genomlysning av stora system med fokus p\u00e5 prestanda och tillg\u00e4nglighet. Exempel p\u00e5 uppdrag var billing-system hos en st\u00f6rre teleoperat\u00f6r samt mobila l\u00f6sningar f\u00f6r stora anv\u00e4ndargrupper.<\/td>\n<\/tr>\n<tr valign=\"TOP\">\n<td width=\"80\"><strong>2007<\/strong><\/td>\n<td width=\"514\"><strong>Boliden<\/strong> \u2013 Genomlysning av inf\u00f6randeprojekt f\u00f6r nytt koncerngemensamt underh\u00e5llssystem. Avrapportering till projektledning med rekommendationer till f\u00f6rb\u00e4ttringar av projektet samt vald integrationsl\u00f6sning.<\/td>\n<\/tr>\n<tr valign=\"TOP\">\n<td width=\"80\"><strong>2005 &#8211; 06<\/strong><\/td>\n<td width=\"514\"><strong>Network Automation AB \u2013<\/strong>Arkitektur, design och utveckling av integrationsl\u00f6sning f\u00f6r produkten Nexa-v\u00e4xeln. Utveckling i bl.a. J2EE, Hibernate och MySQL.<\/td>\n<\/tr>\n<tr valign=\"TOP\">\n<td width=\"80\"><strong>2005<\/strong><\/td>\n<td width=\"514\"><strong>SJ \u2013<\/strong>Genomg\u00e5ng och analys av IT-kostnader samt planering f\u00f6r f\u00f6rnyade system och ny IT-infrastruktur.<\/td>\n<\/tr>\n<tr valign=\"TOP\">\n<td width=\"80\"><strong>2005- 06<\/strong><\/td>\n<td width=\"514\"><strong>Ledning av mjukvaruutvecklingsprojekt \u2013<\/strong>Flera uppdrag f\u00f6r olika f\u00f6retag som projektledare f\u00f6r utveckling av mjukvara. Ledning och praktiskt inf\u00f6rande av process f\u00f6r utveckling av mjukvara. Dessutom praktiskt inf\u00f6rande av st\u00f6dsystem som projektst\u00f6dssystem, \u00e4rendehanteringssystem, CM-verktyg etc baserade p\u00e5 \u00f6ppen k\u00e4llkod.<\/td>\n<\/tr>\n<tr valign=\"TOP\">\n<td width=\"80\"><strong>2004<\/strong><\/td>\n<td width=\"514\"><strong>PTS \u2013<\/strong> R\u00e5dgivare i IT-fr\u00e5gor f\u00f6r PTS projekt e24.<\/td>\n<\/tr>\n<tr valign=\"TOP\">\n<td width=\"80\"><strong>2004<\/strong><\/td>\n<td width=\"514\"><strong>Utskrifts- och brev-distribution \u2013<\/strong>L\u00f6sningsarkitekt f\u00f6r ett system f\u00f6r optimerad utskriftshantering avsett f\u00f6r massutskick av brev p\u00e5 den Tyska marknaden.<\/td>\n<\/tr>\n<tr valign=\"TOP\">\n<td width=\"80\"><strong>2004-05<\/strong><\/td>\n<td width=\"514\"><strong>Oracle Real Application Cluster<\/strong>\u2013 Ett flertal projekt med uppgifterna att designa, installera och konfigurera stora Oracle RAC installationer. Merpartnen av projekten baserades p\u00e5 Red Hat Enterprise Linux, Intel-baserade servrar och EMCs lagringsl\u00f6sningar (SAN).<\/td>\n<\/tr>\n<tr valign=\"TOP\">\n<td width=\"80\"><strong>1998-03<\/strong><\/td>\n<td width=\"514\"><strong>CTO \u2013 <\/strong>Ansvarig f\u00f6r Corus utvecklingsorganisation och st\u00f6dsystem.<\/td>\n<\/tr>\n<tr valign=\"TOP\">\n<td width=\"80\"><strong>1998-02<\/strong><\/td>\n<td width=\"514\"><strong>Utvecklare Corus QuickLink \u2013<\/strong>Utveckling av Corus QuickLink integrationsplattform. Design och praktisk utveckling av bl.a. persistent k\u00f6 med h\u00f6ga prestanda, event-hantering, distribuerad klassladdare etc.<\/td>\n<\/tr>\n<tr valign=\"TOP\">\n<td width=\"80\"><strong>1999<\/strong><\/td>\n<td width=\"514\"><strong>Riksf\u00f6rs\u00e4kringsverket \u2013<\/strong>Kravinsamling, design, utveckling och genomf\u00f6rande av prestandatest av det nya pensionssytemet utveklat i BEA Tuxedo (C++), DB2 och Solaris.<\/td>\n<\/tr>\n<tr valign=\"TOP\">\n<td width=\"80\"><strong>1999<\/strong><\/td>\n<td width=\"514\"><strong>Ericsson Radio<\/strong>\u2013 Prestandatest av nytt produktionssystem f\u00f6r samtliga ERAs fabriker. Mycket komplex milj\u00f6 som inkluderade distribuerad applikationslogik p\u00e5 ett kluster av Alpha\/VMS-servrar, Cobol-kod och databasen Oracle\/RDB. Projektet bestod av insamling av testkrav, utveckling och exekvering av tester samt koordinering av systemleverant\u00f6rens resurser och utrustning. Tester utf\u00f6rdes p\u00e5 Compaqs testcenter i Massachusetts, USA.<\/td>\n<\/tr>\n<tr valign=\"TOP\">\n<td width=\"80\"><strong>1998<\/strong><\/td>\n<td width=\"514\"><strong>Riksskatteverket<\/strong>\u2013 Prestandatest av det nya skattesystemet. Milj\u00f6n var BEA Tuxedo (C), Oracle och HP-UX. Arbetet bestod bl.a. av kravinsamling f\u00f6r test, utveckling av testplattformen, implementation av tester och framtagande av rekommendationer f\u00f6r f\u00f6rb\u00e4ttring och vidareutveckling av systemet.<\/td>\n<\/tr>\n<tr valign=\"TOP\">\n<td width=\"80\"><strong>1998<\/strong><\/td>\n<td width=\"514\"><strong>Stockholms Stad<\/strong>\u2013 Genomlysning av socialf\u00f6rs\u00e4kringssystemets prestanda- och transaktionskapacitet.<\/td>\n<\/tr>\n<tr valign=\"TOP\">\n<td width=\"80\"><\/td>\n<td width=\"514\"><\/td>\n<\/tr>\n<\/tbody>\n<\/table>\n<p>&nbsp;<\/p>\n","protected":false},"excerpt":{"rendered":"<p>&nbsp; Anders H\u00e5\u00e5l Seniorkonsult och partner Civilingenj\u00f6r, Elektroteknik Anders H\u00e5\u00e5l har arbetat i IT-branschen sedan 1987 i ett stort antal olika roller. Till exempel som utvecklare, s\u00e4ljst\u00f6d, konsult, konsultchef, CTO, etc. Han har mycket djup teknisk kunskap om operativsystem, n\u00e4tverk, utveckling av server-programvara och IT-arkitekturer. Anders har ocks\u00e5 den unika och efters\u00f6kta f\u00f6rm\u00e5gan att b\u00e5de &hellip; <a href=\"https:\/\/www.ingby.com\/?page_id=33\" class=\"more-link\">Forts\u00e4tt l\u00e4sa <span class=\"screen-reader-text\">CV Anders H\u00e5\u00e5l<\/span> <span class=\"meta-nav\">&rarr;<\/span><\/a><\/p>\n","protected":false},"author":3,"featured_media":0,"parent":17,"menu_order":0,"comment_status":"open","ping_status":"open","template":"","meta":[],"_links":{"self":[{"href":"https:\/\/www.ingby.com\/index.php?rest_route=\/wp\/v2\/pages\/33"}],"collection":[{"href":"https:\/\/www.ingby.com\/index.php?rest_route=\/wp\/v2\/pages"}],"about":[{"href":"https:\/\/www.ingby.com\/index.php?rest_route=\/wp\/v2\/types\/page"}],"author":[{"embeddable":true,"href":"https:\/\/www.ingby.com\/index.php?rest_route=\/wp\/v2\/users\/3"}],"replies":[{"embeddable":true,"href":"https:\/\/www.ingby.com\/index.php?rest_route=%2Fwp%2Fv2%2Fcomments&post=33"}],"version-history":[{"count":14,"href":"https:\/\/www.ingby.com\/index.php?rest_route=\/wp\/v2\/pages\/33\/revisions"}],"predecessor-version":[{"id":79,"href":"https:\/\/www.ingby.com\/index.php?rest_route=\/wp\/v2\/pages\/33\/revisions\/79"}],"up":[{"embeddable":true,"href":"https:\/\/www.ingby.com\/index.php?rest_route=\/wp\/v2\/pages\/17"}],"wp:attachment":[{"href":"https:\/\/www.ingby.com\/index.php?rest_route=%2Fwp%2Fv2%2Fmedia&parent=33"}],"curies":[{"name":"wp","href":"https:\/\/api.w.org\/{rel}","templated":true}]}}