{"id":38,"date":"2012-04-04T15:26:00","date_gmt":"2012-04-04T14:26:00","guid":{"rendered":"http:\/\/ymer.haalmi.com\/?page_id=38"},"modified":"2015-09-03T10:54:29","modified_gmt":"2015-09-03T09:54:29","slug":"cv-christer-holmer","status":"publish","type":"page","link":"https:\/\/www.ingby.com\/?page_id=38","title":{"rendered":"CV Christer Barreholm (f.d. Holm\u00e9r)"},"content":{"rendered":"<h3>Christer Barreholm, Civilingenj\u00f6r, Datateknik<\/h3>\n<p>Christer har erfarenhet fr\u00e5n hela systemutvecklingsprocessen, hela v\u00e4gen fr\u00e5n krav och arkitektur till leverans och underh\u00e5ll. Detta \u00e4r n\u00e5got han har skaffat sig i de olika roller han innehaft som systemutvecklare, systemarkitekt och gruppledare.<\/p>\n<p>N\u00e5gra av hans styrkor \u00e4r en gedigen h\u00e4ngivenhet att leverera resultat med h\u00f6g kvalitet, inte bara personligen utan fr\u00e5n gruppen som helhet. En annan styrka \u00e4r f\u00f6rm\u00e5gan att snabbt f\u00f6rst\u00e5 komplexa system och behov och \u00f6vers\u00e4tta det till en solid l\u00f6sning.<\/p>\n<p><a href=\"http:\/\/www.ingby.com\/wp-content\/uploads\/2015\/09\/Ingby_CV_Christer_Barreholm_Sve.pdf\">CV (PDF)<\/a><\/p>\n<h3>Christer Barreholm, MSc Computer Science &amp; Engineering<\/h3>\n<p>Christer has experience from the entire system development process all the way from requirements to architecture as well as delivery, hand over and maintenance. This is something he has gained from the various positions he has had as IT consultant, system developer, system architect and team lead.<\/p>\n<p>Some of the key strengths are a genuine commitment to deliver high quality results, not only personally, but also from the team as a whole. Another strong point is the ability to quickly grasp complex technical environments and needs and translate it to a solid solution.<\/p>\n","protected":false},"excerpt":{"rendered":"<p>Christer Barreholm, Civilingenj\u00f6r, Datateknik Christer har erfarenhet fr\u00e5n hela systemutvecklingsprocessen, hela v\u00e4gen fr\u00e5n krav och arkitektur till leverans och underh\u00e5ll. Detta \u00e4r n\u00e5got han har skaffat sig i de olika roller han innehaft som systemutvecklare, systemarkitekt och gruppledare. N\u00e5gra av hans styrkor \u00e4r en gedigen h\u00e4ngivenhet att leverera resultat med h\u00f6g kvalitet, inte bara personligen &hellip; <a href=\"https:\/\/www.ingby.com\/?page_id=38\" class=\"more-link\">Forts\u00e4tt l\u00e4sa <span class=\"screen-reader-text\">CV Christer Barreholm (f.d. Holm\u00e9r)<\/span> <span class=\"meta-nav\">&rarr;<\/span><\/a><\/p>\n","protected":false},"author":3,"featured_media":0,"parent":17,"menu_order":0,"comment_status":"open","ping_status":"open","template":"","meta":[],"_links":{"self":[{"href":"https:\/\/www.ingby.com\/index.php?rest_route=\/wp\/v2\/pages\/38"}],"collection":[{"href":"https:\/\/www.ingby.com\/index.php?rest_route=\/wp\/v2\/pages"}],"about":[{"href":"https:\/\/www.ingby.com\/index.php?rest_route=\/wp\/v2\/types\/page"}],"author":[{"embeddable":true,"href":"https:\/\/www.ingby.com\/index.php?rest_route=\/wp\/v2\/users\/3"}],"replies":[{"embeddable":true,"href":"https:\/\/www.ingby.com\/index.php?rest_route=%2Fwp%2Fv2%2Fcomments&post=38"}],"version-history":[{"count":11,"href":"https:\/\/www.ingby.com\/index.php?rest_route=\/wp\/v2\/pages\/38\/revisions"}],"predecessor-version":[{"id":73,"href":"https:\/\/www.ingby.com\/index.php?rest_route=\/wp\/v2\/pages\/38\/revisions\/73"}],"up":[{"embeddable":true,"href":"https:\/\/www.ingby.com\/index.php?rest_route=\/wp\/v2\/pages\/17"}],"wp:attachment":[{"href":"https:\/\/www.ingby.com\/index.php?rest_route=%2Fwp%2Fv2%2Fmedia&parent=38"}],"curies":[{"name":"wp","href":"https:\/\/api.w.org\/{rel}","templated":true}]}}