{"id":9,"date":"2012-04-04T14:52:20","date_gmt":"2012-04-04T13:52:20","guid":{"rendered":"http:\/\/ymer.haalmi.com\/?page_id=9"},"modified":"2012-04-04T15:17:43","modified_gmt":"2012-04-04T14:17:43","slug":"tjanster","status":"publish","type":"page","link":"https:\/\/www.ingby.com\/?page_id=9","title":{"rendered":"Tj\u00e4nster"},"content":{"rendered":"<div>Ingenj\u00f6rsbyns medarbetare arbetar inom f\u00f6ljande omr\u00e5den:<\/div>\n<ul>\n<li>Teknisk r\u00e5dgivning<\/li>\n<li>Projeketledning<\/li>\n<li>Verksamhetsanalys<\/li>\n<li>Mjukvaruarkitektur, modellering, design och utveckling<\/li>\n<li>Ledning av mjukvaruutveckling och inf\u00f6rande av processer och verktyg<\/li>\n<li>Prestandatestning<\/li>\n<li>System- och applikationsintegration<\/li>\n<li>\u00d6vervakningssystem<\/li>\n<\/ul>\n","protected":false},"excerpt":{"rendered":"<p>Ingenj\u00f6rsbyns medarbetare arbetar inom f\u00f6ljande omr\u00e5den: Teknisk r\u00e5dgivning Projeketledning Verksamhetsanalys Mjukvaruarkitektur, modellering, design och utveckling Ledning av mjukvaruutveckling och inf\u00f6rande av processer och verktyg Prestandatestning System- och applikationsintegration \u00d6vervakningssystem<\/p>\n","protected":false},"author":4,"featured_media":0,"parent":0,"menu_order":0,"comment_status":"open","ping_status":"open","template":"","meta":[],"_links":{"self":[{"href":"https:\/\/www.ingby.com\/index.php?rest_route=\/wp\/v2\/pages\/9"}],"collection":[{"href":"https:\/\/www.ingby.com\/index.php?rest_route=\/wp\/v2\/pages"}],"about":[{"href":"https:\/\/www.ingby.com\/index.php?rest_route=\/wp\/v2\/types\/page"}],"author":[{"embeddable":true,"href":"https:\/\/www.ingby.com\/index.php?rest_route=\/wp\/v2\/users\/4"}],"replies":[{"embeddable":true,"href":"https:\/\/www.ingby.com\/index.php?rest_route=%2Fwp%2Fv2%2Fcomments&post=9"}],"version-history":[{"count":5,"href":"https:\/\/www.ingby.com\/index.php?rest_route=\/wp\/v2\/pages\/9\/revisions"}],"predecessor-version":[{"id":14,"href":"https:\/\/www.ingby.com\/index.php?rest_route=\/wp\/v2\/pages\/9\/revisions\/14"}],"wp:attachment":[{"href":"https:\/\/www.ingby.com\/index.php?rest_route=%2Fwp%2Fv2%2Fmedia&parent=9"}],"curies":[{"name":"wp","href":"https:\/\/api.w.org\/{rel}","templated":true}]}}